{"id":2,"date":"2022-07-25T17:03:47","date_gmt":"2022-07-25T21:03:47","guid":{"rendered":"https:\/\/elnuevolatino.com\/order\/?page_id=2"},"modified":"2023-04-20T15:30:51","modified_gmt":"2023-04-20T19:30:51","slug":"about-us","status":"publish","type":"page","link":"https:\/\/elnuevolatino.com\/order\/about-us\/","title":{"rendered":"About us"},"content":{"rendered":"\t\t<div data-elementor-type=\"wp-page\" data-elementor-id=\"2\" class=\"elementor elementor-2\">\n\t\t\t\t\t\t\t\t\t<section class=\"elementor-section elementor-top-section elementor-element elementor-element-0f32d2c elementor-section-boxed elementor-section-height-default elementor-section-height-default\" data-id=\"0f32d2c\" data-element_type=\"section\">\n\t\t\t\t\t\t<div class=\"elementor-container elementor-column-gap-default\">\n\t\t\t\t\t<div class=\"elementor-column elementor-col-100 elementor-top-column elementor-element elementor-element-c8547a6\" data-id=\"c8547a6\" data-element_type=\"column\">\n\t\t\t<div class=\"elementor-widget-wrap elementor-element-populated\">\n\t\t\t\t\t\t\t\t<div class=\"elementor-element elementor-element-0a5ad14 elementor-widget elementor-widget-heading\" data-id=\"0a5ad14\" data-element_type=\"widget\" data-widget_type=\"heading.default\">\n\t\t\t\t<div class=\"elementor-widget-container\">\n\t\t\t<style>\/*! elementor - v3.17.0 - 25-10-2023 *\/\n.elementor-heading-title{padding:0;margin:0;line-height:1}.elementor-widget-heading .elementor-heading-title[class*=elementor-size-]>a{color:inherit;font-size:inherit;line-height:inherit}.elementor-widget-heading .elementor-heading-title.elementor-size-small{font-size:15px}.elementor-widget-heading .elementor-heading-title.elementor-size-medium{font-size:19px}.elementor-widget-heading .elementor-heading-title.elementor-size-large{font-size:29px}.elementor-widget-heading .elementor-heading-title.elementor-size-xl{font-size:39px}.elementor-widget-heading .elementor-heading-title.elementor-size-xxl{font-size:59px}<\/style><h2 class=\"elementor-heading-title elementor-size-default\">La mejor comida ecuatoriana en New Jersey<\/h2>\t\t<\/div>\n\t\t\t\t<\/div>\n\t\t\t\t\t<\/div>\n\t\t<\/div>\n\t\t\t\t\t\t\t<\/div>\n\t\t<\/section>\n\t\t\t\t<section class=\"elementor-section elementor-top-section elementor-element elementor-element-74a4f7f3 elementor-section-boxed elementor-section-height-default elementor-section-height-default\" data-id=\"74a4f7f3\" data-element_type=\"section\">\n\t\t\t\t\t\t<div class=\"elementor-container elementor-column-gap-default\">\n\t\t\t\t\t<div class=\"elementor-column elementor-col-100 elementor-top-column elementor-element elementor-element-4daf95c\" data-id=\"4daf95c\" data-element_type=\"column\">\n\t\t\t<div class=\"elementor-widget-wrap elementor-element-populated\">\n\t\t\t\t\t\t\t\t<div class=\"elementor-element elementor-element-2c06c64b elementor-widget elementor-widget-text-editor\" data-id=\"2c06c64b\" data-element_type=\"widget\" data-widget_type=\"text-editor.default\">\n\t\t\t\t<div class=\"elementor-widget-container\">\n\t\t\t<style>\/*! elementor - v3.17.0 - 25-10-2023 *\/\n.elementor-widget-text-editor.elementor-drop-cap-view-stacked .elementor-drop-cap{background-color:#69727d;color:#fff}.elementor-widget-text-editor.elementor-drop-cap-view-framed .elementor-drop-cap{color:#69727d;border:3px solid;background-color:transparent}.elementor-widget-text-editor:not(.elementor-drop-cap-view-default) .elementor-drop-cap{margin-top:8px}.elementor-widget-text-editor:not(.elementor-drop-cap-view-default) .elementor-drop-cap-letter{width:1em;height:1em}.elementor-widget-text-editor .elementor-drop-cap{float:left;text-align:center;line-height:1;font-size:50px}.elementor-widget-text-editor .elementor-drop-cap-letter{display:inline-block}<\/style>\t\t\t\t<p><!-- wp:paragraph --><\/p>\n<p>Desde hace mas de veinte y dos a\u00f1os, inicios del 2000, abrimos nuestras puertas, convencidos de un gran sue\u00f1o que fue traer los sabores del ecuador a su gente ac\u00e1 en New jersey, pero con el tiempo se transform\u00f3 en una gran &nbsp;empresa, felixcusine LLC, que ha sabido combinar tradiciones, calidad, ofrecer trabajo y oportunidades a cientos de personas que han colaborado con nosotros y principalmente brindar a lo mejor de la cocina ecuatoriana a nuestros compatriotas en USA, latinos que han sabido preferir nuestra cocina y el mundo entero que cada d\u00eda descubre los secretos y sabores mas tradicionales de nuestra cultura.<\/p>\n<p><!-- \/wp:paragraph --><\/p>\n<p><!-- wp:quote --><\/p>\n<blockquote class=\"wp-block-quote\">\n<p>NUESTROS VALORES:<\/p>\n<\/blockquote>\n<p><!-- wp:paragraph --><\/p>\n<p>Creemos que la gastronom\u00eda es la base de la cultura de un pa\u00eds, por ella se transmiten sus costumbres, sus gustos y su manera de ver la vida, por eso nos esforzamos por reafirmar la identidad de nuestros compatriotas, miles de kil\u00f3metros lejos de casa. Porque ser ecuatoriano, tiene un sabor original.<\/p>\n<p><!-- \/wp:paragraph --><!-- wp:quote --><\/p>\n<blockquote class=\"wp-block-quote\">\n<p>PARA CONTACTO:<\/p>\n<\/blockquote>\n<p><!-- wp:paragraph --><\/p>\n<p>email<br>felixcuisinellc@gmail.com<\/p>\n<p>pedidos y reservas<br>(908) 527-1770<\/p>\n<div>ACEPTAMOS<\/div>\n<div>todas las tarjetas de cr\u00e9dito<\/div>\n<div>&nbsp;<\/div>\n<div>DOORDASH \/ UBEREATS \/ GRUBHUB<\/div>\n<div>&nbsp;<\/div>\n<p><!-- \/wp:paragraph --><\/p>\t\t\t\t\t\t<\/div>\n\t\t\t\t<\/div>\n\t\t\t\t\t<\/div>\n\t\t<\/div>\n\t\t\t\t\t\t\t<\/div>\n\t\t<\/section>\n\t\t\t\t\t\t\t<\/div>\n\t\t","protected":false},"excerpt":{"rendered":"<p>La mejor comida ecuatoriana en New Jersey Desde hace mas<\/p>\n<div class=\"read-more-wrapper\"><a class=\"more-link read-more-link\" href=\"https:\/\/elnuevolatino.com\/order\/about-us\/\">Read More<i class=\"fal fa-plus\"><\/i><\/a><\/div>\n","protected":false},"author":1,"featured_media":0,"parent":0,"menu_order":0,"comment_status":"closed","ping_status":"closed","template":"","meta":{"inline_featured_image":false,"footnotes":""},"class_list":["post-2","page","type-page","status-publish","hentry"],"_links":{"self":[{"href":"https:\/\/elnuevolatino.com\/order\/wp-json\/wp\/v2\/pages\/2","targetHints":{"allow":["GET"]}}],"collection":[{"href":"https:\/\/elnuevolatino.com\/order\/wp-json\/wp\/v2\/pages"}],"about":[{"href":"https:\/\/elnuevolatino.com\/order\/wp-json\/wp\/v2\/types\/page"}],"author":[{"embeddable":true,"href":"https:\/\/elnuevolatino.com\/order\/wp-json\/wp\/v2\/users\/1"}],"replies":[{"embeddable":true,"href":"https:\/\/elnuevolatino.com\/order\/wp-json\/wp\/v2\/comments?post=2"}],"version-history":[{"count":10,"href":"https:\/\/elnuevolatino.com\/order\/wp-json\/wp\/v2\/pages\/2\/revisions"}],"predecessor-version":[{"id":1921,"href":"https:\/\/elnuevolatino.com\/order\/wp-json\/wp\/v2\/pages\/2\/revisions\/1921"}],"wp:attachment":[{"href":"https:\/\/elnuevolatino.com\/order\/wp-json\/wp\/v2\/media?parent=2"}],"curies":[{"name":"wp","href":"https:\/\/api.w.org\/{rel}","templated":true}]}}